{"id":2,"date":"2025-11-15T09:07:12","date_gmt":"2025-11-15T09:07:12","guid":{"rendered":"https:\/\/ayradvance.com\/?page_id=2"},"modified":"2025-11-15T09:13:36","modified_gmt":"2025-11-15T09:13:36","slug":"sample-page","status":"publish","type":"page","link":"https:\/\/ayradvance.com\/index.php\/sample-page\/","title":{"rendered":"Sample Page"},"content":{"rendered":"\r\n<p>&nbsp;<\/p>\r\n<p>\ud83d\udce2 Publicaci\u00f3n de advertencia\u00a0<\/p>\r\n<p>&nbsp;<\/p>\r\n<p>&gt; \u26a0\ufe0f ALERTA DE SUPLANTACI\u00d3N EMPRESARIAL<\/p>\r\n<p>La empresa A&amp;R Advance S.A.S. \u2013 NIT 901.924.463, registrada en Bogot\u00e1, no tiene ning\u00fan v\u00ednculo con una entidad llamada \u201cAdvance One LATAM\u201d.<\/p>\r\n<p>Hemos detectado el uso no autorizado de nuestro nombre y datos para fines desconocidos.<\/p>\r\n<p>Nuestra \u00fanica presencia oficial est\u00e1 en las p\u00e1ginas asociadas con ayradvance.com, camisetas.ayradvance.com, personalizados.ayradvance.com, consultor\u00eda.ayradvance.com.<\/p>\r\n<p>Invitamos a todos nuestros clientes y aliados a verificar cualquier contacto directamente a trav\u00e9s de nuestro correo gerencia@ayradvance.com\u00a0\u00a0<\/p>\r\n<p>Hemos presentado las denuncias correspondientes ante las autoridades competentes.<\/p>\r\n","protected":false},"excerpt":{"rendered":"<p>&nbsp; \ud83d\udce2 Publicaci\u00f3n de advertencia\u00a0 &nbsp; &gt; \u26a0\ufe0f ALERTA DE SUPLANTACI\u00d3N EMPRESARIAL La empresa A&amp;R Advance S.A.S. \u2013 NIT 901.924.463, registrada en Bogot\u00e1, no tiene ning\u00fan v\u00ednculo con una entidad llamada \u201cAdvance One LATAM\u201d. Hemos detectado el uso no autorizado de nuestro nombre y datos para fines desconocidos. Nuestra \u00fanica presencia oficial est\u00e1 en las [&hellip;]<\/p>\n","protected":false},"author":1,"featured_media":0,"parent":0,"menu_order":0,"comment_status":"closed","ping_status":"open","template":"","meta":{"footnotes":""},"class_list":["post-2","page","type-page","status-publish","hentry"],"_links":{"self":[{"href":"https:\/\/ayradvance.com\/index.php\/wp-json\/wp\/v2\/pages\/2","targetHints":{"allow":["GET"]}}],"collection":[{"href":"https:\/\/ayradvance.com\/index.php\/wp-json\/wp\/v2\/pages"}],"about":[{"href":"https:\/\/ayradvance.com\/index.php\/wp-json\/wp\/v2\/types\/page"}],"author":[{"embeddable":true,"href":"https:\/\/ayradvance.com\/index.php\/wp-json\/wp\/v2\/users\/1"}],"replies":[{"embeddable":true,"href":"https:\/\/ayradvance.com\/index.php\/wp-json\/wp\/v2\/comments?post=2"}],"version-history":[{"count":2,"href":"https:\/\/ayradvance.com\/index.php\/wp-json\/wp\/v2\/pages\/2\/revisions"}],"predecessor-version":[{"id":9,"href":"https:\/\/ayradvance.com\/index.php\/wp-json\/wp\/v2\/pages\/2\/revisions\/9"}],"wp:attachment":[{"href":"https:\/\/ayradvance.com\/index.php\/wp-json\/wp\/v2\/media?parent=2"}],"curies":[{"name":"wp","href":"https:\/\/api.w.org\/{rel}","templated":true}]}}